{"id":32787,"date":"2016-12-24T21:46:32","date_gmt":"2016-12-24T20:46:32","guid":{"rendered":"http:\/\/inmocosta.com\/contacte-3\/"},"modified":"2024-01-17T16:46:21","modified_gmt":"2024-01-17T15:46:21","slug":"staff-inmocosta-api-estartit","status":"publish","type":"page","link":"https:\/\/inmocosta.com\/es\/staff-inmocosta-api-estartit\/","title":{"rendered":"Contacto"},"content":{"rendered":"<p>[vc_row][vc_column width=\u00bb1\/2&#8243;][vc_column_text]<\/p>\n<h3>InmoCosta API<\/h3>\n<ul>\n<li>+34 972 75 17 40<\/li>\n<li>+34 645 97 91 90<\/li>\n<li>WhatsApp: +34 645 97 91 90<\/li>\n<li>Avinguda de Gr\u00e8cia 22. 17258 L&#8217;Estartit<\/li>\n<\/ul>\n<p>[\/vc_column_text][\/vc_column][vc_column width=\u00bb1\/2&#8243;][vc_column_text]<\/p>\n<h3>Sobre nosotros<\/h3>\n<p>Desde 1989 estamos presentes en el sector inmobiliario.<br \/>\nFormamos parte del Colegio Oficial del Agentes de la Propiedad Inmobiliaria.<\/p>\n<p>Tenemos personal altamente cualificado y contin\u00faa formaci\u00f3n.<\/p>\n<p>Los podemos asesorar en ingl\u00e9s, franc\u00e9s, alem\u00e1n, castellano y catal\u00e1n.<\/p>\n<p>Nuestro despacho est\u00e1 abierto todo el a\u00f1o[\/vc_column_text][\/vc_column][\/vc_row][vc_row][vc_column][vc_separator][\/vc_column][\/vc_row][vc_row][vc_column width=\u00bb1\/3&#8243;][vc_custom_heading text=\u00bbVisita Virtual al nuestro despacho:\u00bb font_container=\u00bbtag:h2|text_align:left|color:%23828282&#8243; use_theme_fonts=\u00bbyes\u00bb][\/vc_column][vc_column width=\u00bb2\/3&#8243;][vc_raw_html]JTNDaWZyYW1lJTIwd2lkdGglM0QlMjc3NTAlMjclMjBoZWlnaHQlM0QlMjc0MDAlMjclMjBzcmMlM0QlMjdodHRwcyUzQSUyRiUyRm5vZGFsdmlldy5jb20lMkZzJTJGMU5wakpoRnREQTBCWGRUVlJEeWpweSUyNyUyMGZyYW1lYm9yZGVyJTNEJTI3MCUyNyUyMGFsbG93ZnVsbHNjcmVlbiUyMGFsbG93JTNEJTI3eHItc3BhdGlhbC10cmFja2luZyUyNyUzRSUzQyUyRmlmcmFtZSUzRQ==[\/vc_raw_html][\/vc_column][\/vc_row][vc_row][vc_column][vc_text_separator title=\u00bbStaff\u00bb title_align=\u00bbseparator_align_left\u00bb border_width=\u00bb3&#8243;]<div class=\"article_container bottom-estate_agent nobutton\" ><div class=\"col-md-3 listing_wrapper\">    <div class=\"agent_unit\" data-link=\"https:\/\/inmocosta.com\/es\/agents\/eva-ruiz-regas-gerente-inmocosta-api-estartit-costa-brava\/\">\n        <div class=\"agent-unit-img-wrapper\">\n                  \n            \n            \n         \n            <img fetchpriority=\"high\" decoding=\"async\" width=\"525\" height=\"328\" src=\"https:\/\/inmocosta.com\/wp-content\/uploads\/2016\/12\/Eva-525x328.jpeg\" class=\"lazyload img-responsive wp-post-image\" alt=\"\" \/>        <\/div>    \n            \n\n        <h4> <a href=\"https:\/\/inmocosta.com\/es\/agents\/eva-ruiz-regas-gerente-inmocosta-api-estartit-costa-brava\/\">Eva Ruiz Reg\u00e0s<\/a><\/h4>\n        <div class=\"agent_position\">Gerente<\/div><div class=\"agent_card_content\">Eva Ruiz Reg\u00e0s- Gerente Inmocosta API Estartit Costa Brava Profesional del mundo inmobilia <a href=\"https:\/\/inmocosta.com\/es\/agents\/eva-ruiz-regas-gerente-inmocosta-api-estartit-costa-brava\/\" class=\"unit_more_x\">...<\/a><\/div>\n     \n       \n        <div class=\"agent_unit_social agent_list\">\n        \n               \n                <a class=\"agent_unit_facebook\" href=\"https:\/\/www.facebook.com\/eva.ruiz.58\" rel=\"noopener\" ><i class=\"fab fa-facebook-f\"><\/i><\/a> <a  class=\"agent_unit_twitter\" href=\"#\" rel=\"noopener\" ><i class=\"fab fa-twitter\"><\/i><\/a> <a  class=\"agent_unit_linkedin\" href=\"#\" rel=\"noopener\" ><i class=\"fab fa-linkedin-in\"><\/i><\/a> <a  class=\"agent_unit_pinterest\" href=\"#\" rel=\"noopener\" ><i class=\"fab fa-pinterest-p\"><\/i><\/a> <a  class=\"agent_unit_instagram\" href=\"https:\/\/www.instagram.com\/evaruiz1200\/\" rel=\"noopener\" ><i class=\"fab fa-instagram\"><\/i><\/a><div class=\"agent_unit_phone\"><a href=\"tel:+34 972 751 740\" rel=\"noopener\" ><i class=\"fas fa-phone\"><\/i><\/a><\/div><div class=\"agent_unit_email\"><a href=\"mailto:evar@inmocosta.com\" rel=\"noopener\" ><i class=\"fas fa-envelope\"><\/i><\/a><\/div>           \n        <\/div>\n    <\/div>\n<!-- <\/div>    --><\/div><div class=\"col-md-3 listing_wrapper\">    <div class=\"agent_unit\" data-link=\"https:\/\/inmocosta.com\/es\/agents\/cristina-collier-la-nostra-becaria-inmocosta-api-estartit\/\">\n        <div class=\"agent-unit-img-wrapper\">\n                  \n            \n            \n         \n            <img decoding=\"async\" width=\"525\" height=\"328\" src=\"https:\/\/inmocosta.com\/wp-content\/uploads\/2018\/03\/Cristina-525x328.jpg\" class=\"lazyload img-responsive wp-post-image\" alt=\"\" \/>        <\/div>    \n            \n\n        <h4> <a href=\"https:\/\/inmocosta.com\/es\/agents\/cristina-collier-la-nostra-becaria-inmocosta-api-estartit\/\">Cristina Collier<\/a><\/h4>\n        <div class=\"agent_position\">Becaria<\/div><div class=\"agent_card_content\">A principios de a\u00f1o firmamos un convenio de colaboraci\u00f3n dual con la Generalitat, Departam <a href=\"https:\/\/inmocosta.com\/es\/agents\/cristina-collier-la-nostra-becaria-inmocosta-api-estartit\/\" class=\"unit_more_x\">...<\/a><\/div>\n     \n       \n        <div class=\"agent_unit_social agent_list\">\n        \n               \n                <a class=\"agent_unit_facebook\" href=\"https:\/\/www.facebook.com\/cristina.collier.75\" rel=\"noopener\" ><i class=\"fab fa-facebook-f\"><\/i><\/a> <a  class=\"agent_unit_instagram\" href=\"https:\/\/www.instagram.com\/cristinacollier\/\" rel=\"noopener\" ><i class=\"fab fa-instagram\"><\/i><\/a><div class=\"agent_unit_phone\"><a href=\"tel:972751740\" rel=\"noopener\" ><i class=\"fas fa-phone\"><\/i><\/a><\/div><div class=\"agent_unit_email\"><a href=\"mailto:inmocosta@inmocosta.com\" rel=\"noopener\" ><i class=\"fas fa-envelope\"><\/i><\/a><\/div>           \n        <\/div>\n    <\/div>\n<!-- <\/div>    --><\/div><\/div>[\/vc_column][\/vc_row][vc_row][vc_column][vc_text_separator title=\u00bbJubilada 2022&#8243; title_align=\u00bbseparator_align_left\u00bb border_width=\u00bb3&#8243;]<div class=\"article_container bottom-estate_agent nobutton\" ><div class=\"col-md-3 listing_wrapper\">    <div class=\"agent_unit\" data-link=\"https:\/\/inmocosta.com\/es\/agents\/renate-hutter-asesora-inmobiliaria-inmocosta-lestartit\/\">\n        <div class=\"agent-unit-img-wrapper\">\n                  \n            \n            \n         \n            <img decoding=\"async\" width=\"525\" height=\"328\" src=\"https:\/\/inmocosta.com\/wp-content\/uploads\/2016\/12\/sin-ti\u0301tulo-192-525x328.jpg\" class=\"lazyload img-responsive wp-post-image\" alt=\"Renate Hutter\" srcset=\"https:\/\/inmocosta.com\/wp-content\/uploads\/2016\/12\/sin-ti\u0301tulo-192-525x328.jpg 525w, https:\/\/inmocosta.com\/wp-content\/uploads\/2016\/12\/sin-ti\u0301tulo-192-1000x623.jpg 1000w\" sizes=\"(max-width: 525px) 100vw, 525px\" \/>        <\/div>    \n            \n\n        <h4> <a href=\"https:\/\/inmocosta.com\/es\/agents\/renate-hutter-asesora-inmobiliaria-inmocosta-lestartit\/\">Renate Hutter<\/a><\/h4>\n        <div class=\"agent_position\">Asesora Inmobiliaria<\/div><div class=\"agent_card_content\">Renate Hutter.- Asesora inmobiliaria InmoCosta l\u00b4Estartit<\/div>\n     \n       \n        <div class=\"agent_unit_social agent_list\">\n        \n               \n                <a  class=\"agent_unit_twitter\" href=\"#\" rel=\"noopener\" ><i class=\"fab fa-twitter\"><\/i><\/a> <a  class=\"agent_unit_linkedin\" href=\"#\" rel=\"noopener\" ><i class=\"fab fa-linkedin-in\"><\/i><\/a> <a  class=\"agent_unit_pinterest\" href=\"#\" rel=\"noopener\" ><i class=\"fab fa-pinterest-p\"><\/i><\/a>           \n        <\/div>\n    <\/div>\n<!-- <\/div>    --><\/div><\/div>[\/vc_column][\/vc_row][vc_row][vc_column][vc_text_separator title=\u00bbBecarios 2018&#8243; title_align=\u00bbseparator_align_left\u00bb align=\u00bbalign_left\u00bb]<div class=\"article_container bottom-estate_agent nobutton\" ><div class=\"col-md-3 listing_wrapper\">    <div class=\"agent_unit\" data-link=\"https:\/\/inmocosta.com\/es\/agents\/mathilde-delafoye\/\">\n        <div class=\"agent-unit-img-wrapper\">\n                  \n            \n            \n         \n            <img loading=\"lazy\" decoding=\"async\" width=\"525\" height=\"328\" src=\"https:\/\/inmocosta.com\/wp-content\/uploads\/2018\/07\/IMG_0815-525x328.jpg\" class=\"lazyload img-responsive wp-post-image\" alt=\"Mathilde\" \/>        <\/div>    \n            \n\n        <h4> <a href=\"https:\/\/inmocosta.com\/es\/agents\/mathilde-delafoye\/\">Mathilde Delafoye<\/a><\/h4>\n        <div class=\"agent_position\">Becaria Comercio Internacional.- LYCEE HUGUES CAPET.- SENLIS France<\/div><div class=\"agent_card_content\"><\/div>\n     \n       \n        <div class=\"agent_unit_social agent_list\">\n        \n               \n               <div class=\"agent_unit_email\"><a href=\"mailto:inmocosta@inmocosta.com\" rel=\"noopener\" ><i class=\"fas fa-envelope\"><\/i><\/a><\/div>           \n        <\/div>\n    <\/div>\n<!-- <\/div>    --><\/div><\/div>[\/vc_column][\/vc_row][vc_row][vc_column][vc_text_separator title=\u00bbDonde estamos\u00bb title_align=\u00bbseparator_align_left\u00bb border_width=\u00bb3&#8243;][\/vc_column][\/vc_row][vc_row][vc_column][vc_gmaps link=\u00bb#E-8_JTNDaWZyYW1lJTIwc3JjJTNEJTIyaHR0cHMlM0ElMkYlMkZ3d3cuZ29vZ2xlLmNvbSUyRm1hcHMlMkZlbWJlZCUzRnBiJTNEJTIxMW0xOCUyMTFtMTIlMjExbTMlMjExZDI5NjIuNjQ0NDg0ODIzMzM0JTIxMmQzLjE5MzE2NDE2NTQ5NTgzNDMlMjEzZDQyLjA1MDgwMzI2MjU2NzY0JTIxMm0zJTIxMWYwJTIxMmYwJTIxM2YwJTIxM20yJTIxMWkxMDI0JTIxMmk3NjglMjE0ZjEzLjElMjEzbTMlMjExbTIlMjExczB4MCUyNTNBMHg4NDYxMjhkMGUyMWM3NTExJTIxMnNJbm1vQ29zdGElMkJBUEklMkJFc3RhcnRpdCUyMTVlMCUyMTNtMiUyMTFzY2ElMjEyc3VzJTIxNHYxNDgyNTc4MTk4NzAxJTIyJTIwd2lkdGglM0QlMjI2MDAlMjIlMjBoZWlnaHQlM0QlMjI0NTAlMjIlMjBmcmFtZWJvcmRlciUzRCUyMjAlMjIlMjBzdHlsZSUzRCUyMmJvcmRlciUzQTAlMjIlMjBhbGxvd2Z1bGxzY3JlZW4lM0UlM0MlMkZpZnJhbWUlM0U=\u00bb][\/vc_column][\/vc_row][vc_row][vc_column][vc_separator border_width=\u00bb6&#8243;][\/vc_column][\/vc_row][vc_row][vc_column width=\u00bb1\/3&#8243;][vc_single_image image=\u00bb45041&#8243; img_size=\u00bbmedium\u00bb][vc_column_text]Lola.- Nuestra mascota<\/p>\n<p>Le encanta pasear por la playa y el campo.[\/vc_column_text][\/vc_column][vc_column width=\u00bb1\/3&#8243;][vc_single_image image=\u00bb62979&#8243; img_size=\u00bbmedium\u00bb][vc_column_text]Calendario 2021-2022<\/p>\n<p>Ya lo tienes ?? Ven a recogerlo.<\/p>\n<p>Esta vez todo son im\u00e1genes hechas por la gerente: Sra. Eva Ruiz Reg\u00e0s de diferentes calas de la Costa Brava.<\/p>\n<p>No te lo puedes perder[\/vc_column_text][\/vc_column][vc_column width=\u00bb1\/3&#8243;][vc_single_image image=\u00bb32802&#8243; img_size=\u00bbmedium\u00bb][vc_column_text]Garantia API<\/p>\n<p>La organizaci\u00f3n API agrupa el colectivo de agentes m\u00e1s numeroso de Catalu\u00f1a, con m\u00e1s de 2.000 miembros homologados por la Generalitat.[\/vc_column_text][\/vc_column][\/vc_row][vc_row][vc_column]\n<div class=\"wpcf7 no-js\" id=\"wpcf7-f47111-o1\" lang=\"en-US\" dir=\"ltr\">\n<div class=\"screen-reader-response\"><p role=\"status\" aria-live=\"polite\" aria-atomic=\"true\"><\/p> <ul><\/ul><\/div>\n<form action=\"\/es\/wp-json\/wp\/v2\/pages\/32787#wpcf7-f47111-o1\" method=\"post\" class=\"wpcf7-form init\" aria-label=\"Contact form\" novalidate=\"novalidate\" data-status=\"init\">\n<div style=\"display: none;\">\n<input type=\"hidden\" name=\"_wpcf7\" value=\"47111\" \/>\n<input type=\"hidden\" name=\"_wpcf7_version\" value=\"5.8.6\" \/>\n<input type=\"hidden\" name=\"_wpcf7_locale\" value=\"en_US\" \/>\n<input type=\"hidden\" name=\"_wpcf7_unit_tag\" value=\"wpcf7-f47111-o1\" \/>\n<input type=\"hidden\" name=\"_wpcf7_container_post\" value=\"0\" \/>\n<input type=\"hidden\" name=\"_wpcf7_posted_data_hash\" value=\"\" \/>\n<input type=\"hidden\" name=\"_wpcf7_recaptcha_response\" value=\"\" \/>\n<\/div>\n<div class=\"wpb_column vc_column_container vc_col-sm-4 vc_column\">\n\t<p><label> <span class=\"wpcf7-form-control-wrap\" data-name=\"your-name\"><input size=\"40\" class=\"wpcf7-form-control wpcf7-text wpcf7-validates-as-required\" aria-required=\"true\" aria-invalid=\"false\" placeholder=\"Nombre\" value=\"\" type=\"text\" name=\"your-name\" \/><\/span> <\/label>\n\t<\/p>\n<\/div>\n<div class=\"wpb_column vc_column_container vc_col-sm-4 vc_column\">\n\t<p><label> <span class=\"wpcf7-form-control-wrap\" data-name=\"your-email\"><input size=\"40\" class=\"wpcf7-form-control wpcf7-email wpcf7-validates-as-required wpcf7-text wpcf7-validates-as-email\" aria-required=\"true\" aria-invalid=\"false\" placeholder=\"Correo\" value=\"\" type=\"email\" name=\"your-email\" \/><\/span> <\/label>\n\t<\/p>\n<\/div>\n<div class=\"wpb_column vc_column_container vc_col-sm-4 vc_column\">\n\t<p><label> <span class=\"wpcf7-form-control-wrap\" data-name=\"your-tel\"><input size=\"40\" class=\"wpcf7-form-control wpcf7-tel wpcf7-validates-as-required wpcf7-text wpcf7-validates-as-tel\" aria-required=\"true\" aria-invalid=\"false\" placeholder=\"Tel\u00e9fono\" value=\"\" type=\"tel\" name=\"your-tel\" \/><\/span> <\/label>\n\t<\/p>\n<\/div>\n<div class=\"wpb_column vc_column_container vc_col-sm-12 vc_column\">\n\t<p><label> <span class=\"wpcf7-form-control-wrap\" data-name=\"your-message\"><textarea cols=\"40\" rows=\"10\" class=\"wpcf7-form-control wpcf7-textarea\" aria-invalid=\"false\" placeholder=\"Mensaje\" name=\"your-message\"><\/textarea><\/span> <\/label>\n\t<\/p>\n<\/div>\n<p><span class=\"wpcf7-form-control-wrap\" data-name=\"acceptance\"><span class=\"wpcf7-form-control wpcf7-acceptance\"><span class=\"wpcf7-list-item\"><input type=\"checkbox\" name=\"acceptance\" value=\"1\" aria-invalid=\"false\" \/><\/span><\/span><\/span><label> Acepto la <a href=\"\/es\/politica-de-privacidad\/\">Pol\u00edtica de privacidad<\/a> <\/label><br \/>\n<br \/>\n<input class=\"wpcf7-form-control wpcf7-submit has-spinner\" type=\"submit\" value=\"Enviar\" \/>\n<\/p><div class=\"wpcf7-response-output\" aria-hidden=\"true\"><\/div>\n<\/form>\n<\/div>\n[\/vc_column][\/vc_row]<\/p>\n","protected":false},"excerpt":{"rendered":"<p>[vc_row][vc_column width=\u00bb1\/2&#8243;][vc_column_text] InmoCosta API +34 972 75 17 40 +34 645 97 91 90 WhatsApp: +34 645 97 91 90 Avinguda de Gr\u00e8cia 22. 17258 L&#8217;Estartit [\/vc_column_text][\/vc_column][vc_column width=\u00bb1\/2&#8243;][vc_column_text] Sobre nosotros Desde 1989 estamos presentes en el sector inmobiliario. Formamos parte del Colegio Oficial del Agentes de la Propiedad Inmobiliaria. Tenemos personal altamente cualificado y contin\u00faa formaci\u00f3n. Los podemos asesorar en ingl\u00e9s, franc\u00e9s, alem\u00e1n, castellano &#8230;<\/p>\n","protected":false},"author":1,"featured_media":51823,"parent":0,"menu_order":0,"comment_status":"closed","ping_status":"closed","template":"","meta":{"footnotes":""},"class_list":["post-32787","page","type-page","status-publish","has-post-thumbnail","hentry"],"yoast_head":"<!-- This site is optimized with the Yoast SEO plugin v21.8 - https:\/\/yoast.com\/wordpress\/plugins\/seo\/ -->\n<title>Contacto<\/title>\n<meta name=\"robots\" content=\"index, follow, max-snippet:-1, max-image-preview:large, max-video-preview:-1\" \/>\n<link rel=\"canonical\" href=\"https:\/\/inmocosta.com\/es\/staff-inmocosta-api-estartit\/\" \/>\n<meta property=\"og:locale\" content=\"es_ES\" \/>\n<meta property=\"og:type\" content=\"article\" \/>\n<meta property=\"og:title\" content=\"Contacto\" \/>\n<meta property=\"og:description\" content=\"[vc_row][vc_column width=\u00bb1\/2&#8243;][vc_column_text] InmoCosta API +34 972 75 17 40 +34 645 97 91 90 WhatsApp: +34 645 97 91 90 Avinguda de Gr\u00e8cia 22. 17258 L&#8217;Estartit [\/vc_column_text][\/vc_column][vc_column width=\u00bb1\/2&#8243;][vc_column_text] Sobre nosotros Desde 1989 estamos presentes en el sector inmobiliario. Formamos parte del Colegio Oficial del Agentes de la Propiedad Inmobiliaria. Tenemos personal altamente cualificado y contin\u00faa formaci\u00f3n. Los podemos asesorar en ingl\u00e9s, franc\u00e9s, alem\u00e1n, castellano ...\" \/>\n<meta property=\"og:url\" content=\"https:\/\/inmocosta.com\/es\/staff-inmocosta-api-estartit\/\" \/>\n<meta property=\"og:site_name\" content=\"Inmocosta API l&#039;Estartit -\" \/>\n<meta property=\"article:publisher\" content=\"https:\/\/www.facebook.com\/inmocostaapi\/\" \/>\n<meta property=\"article:modified_time\" content=\"2024-01-17T15:46:21+00:00\" \/>\n<meta property=\"og:image\" content=\"https:\/\/inmocosta.com\/wp-content\/uploads\/2016\/12\/Foto-Eva.jpg\" \/>\n\t<meta property=\"og:image:width\" content=\"3088\" \/>\n\t<meta property=\"og:image:height\" content=\"2316\" \/>\n\t<meta property=\"og:image:type\" content=\"image\/jpeg\" \/>\n<meta name=\"twitter:card\" content=\"summary_large_image\" \/>\n<meta name=\"twitter:label1\" content=\"Tiempo de lectura\" \/>\n\t<meta name=\"twitter:data1\" content=\"2 minutos\" \/>\n<script type=\"application\/ld+json\" class=\"yoast-schema-graph\">{\"@context\":\"https:\/\/schema.org\",\"@graph\":[{\"@type\":\"WebPage\",\"@id\":\"https:\/\/inmocosta.com\/es\/staff-inmocosta-api-estartit\/\",\"url\":\"https:\/\/inmocosta.com\/es\/staff-inmocosta-api-estartit\/\",\"name\":\"Contacto\",\"isPartOf\":{\"@id\":\"https:\/\/inmocosta.com\/es\/#website\"},\"datePublished\":\"2016-12-24T20:46:32+00:00\",\"dateModified\":\"2024-01-17T15:46:21+00:00\",\"breadcrumb\":{\"@id\":\"https:\/\/inmocosta.com\/es\/staff-inmocosta-api-estartit\/#breadcrumb\"},\"inLanguage\":\"es\",\"potentialAction\":[{\"@type\":\"ReadAction\",\"target\":[\"https:\/\/inmocosta.com\/es\/staff-inmocosta-api-estartit\/\"]}]},{\"@type\":\"BreadcrumbList\",\"@id\":\"https:\/\/inmocosta.com\/es\/staff-inmocosta-api-estartit\/#breadcrumb\",\"itemListElement\":[{\"@type\":\"ListItem\",\"position\":1,\"name\":\"Home\",\"item\":\"https:\/\/inmocosta.com\/es\/\"},{\"@type\":\"ListItem\",\"position\":2,\"name\":\"Contacto\"}]},{\"@type\":\"WebSite\",\"@id\":\"https:\/\/inmocosta.com\/es\/#website\",\"url\":\"https:\/\/inmocosta.com\/es\/\",\"name\":\"Inmocosta API l&#039;Estartit -\",\"description\":\"Ag\u00e8ncia immobiliaria dedicada exclusivament a la compra venda d\u00b4immobles . L&#039;assessorem en la compra del seu habitatge. Comprar cases, pisos, apartaments.\",\"publisher\":{\"@id\":\"https:\/\/inmocosta.com\/es\/#organization\"},\"potentialAction\":[{\"@type\":\"SearchAction\",\"target\":{\"@type\":\"EntryPoint\",\"urlTemplate\":\"https:\/\/inmocosta.com\/es\/?s={search_term_string}\"},\"query-input\":\"required name=search_term_string\"}],\"inLanguage\":\"es\"},{\"@type\":\"Organization\",\"@id\":\"https:\/\/inmocosta.com\/es\/#organization\",\"name\":\"Inmocosta API L'Estartit\",\"url\":\"https:\/\/inmocosta.com\/es\/\",\"logo\":{\"@type\":\"ImageObject\",\"inLanguage\":\"es\",\"@id\":\"https:\/\/inmocosta.com\/es\/#\/schema\/logo\/image\/\",\"url\":\"https:\/\/inmocosta.com\/wp-content\/uploads\/2025\/01\/imatge_usuari.png\",\"contentUrl\":\"https:\/\/inmocosta.com\/wp-content\/uploads\/2025\/01\/imatge_usuari.png\",\"width\":500,\"height\":500,\"caption\":\"Inmocosta API L'Estartit\"},\"image\":{\"@id\":\"https:\/\/inmocosta.com\/es\/#\/schema\/logo\/image\/\"},\"sameAs\":[\"https:\/\/www.facebook.com\/inmocostaapi\/\",\"https:\/\/www.instagram.com\/inmocosta_api\/\",\"https:\/\/www.youtube.com\/channel\/UCidmbkY6BpJG9MA_OQUZgYQ\"]}]}<\/script>\n<!-- \/ Yoast SEO plugin. -->","yoast_head_json":{"title":"Contacto","robots":{"index":"index","follow":"follow","max-snippet":"max-snippet:-1","max-image-preview":"max-image-preview:large","max-video-preview":"max-video-preview:-1"},"canonical":"https:\/\/inmocosta.com\/es\/staff-inmocosta-api-estartit\/","og_locale":"es_ES","og_type":"article","og_title":"Contacto","og_description":"[vc_row][vc_column width=\u00bb1\/2&#8243;][vc_column_text] InmoCosta API +34 972 75 17 40 +34 645 97 91 90 WhatsApp: +34 645 97 91 90 Avinguda de Gr\u00e8cia 22. 17258 L&#8217;Estartit [\/vc_column_text][\/vc_column][vc_column width=\u00bb1\/2&#8243;][vc_column_text] Sobre nosotros Desde 1989 estamos presentes en el sector inmobiliario. Formamos parte del Colegio Oficial del Agentes de la Propiedad Inmobiliaria. Tenemos personal altamente cualificado y contin\u00faa formaci\u00f3n. Los podemos asesorar en ingl\u00e9s, franc\u00e9s, alem\u00e1n, castellano ...","og_url":"https:\/\/inmocosta.com\/es\/staff-inmocosta-api-estartit\/","og_site_name":"Inmocosta API l&#039;Estartit -","article_publisher":"https:\/\/www.facebook.com\/inmocostaapi\/","article_modified_time":"2024-01-17T15:46:21+00:00","og_image":[{"width":3088,"height":2316,"url":"https:\/\/inmocosta.com\/wp-content\/uploads\/2016\/12\/Foto-Eva.jpg","type":"image\/jpeg"}],"twitter_card":"summary_large_image","twitter_misc":{"Tiempo de lectura":"2 minutos"},"schema":{"@context":"https:\/\/schema.org","@graph":[{"@type":"WebPage","@id":"https:\/\/inmocosta.com\/es\/staff-inmocosta-api-estartit\/","url":"https:\/\/inmocosta.com\/es\/staff-inmocosta-api-estartit\/","name":"Contacto","isPartOf":{"@id":"https:\/\/inmocosta.com\/es\/#website"},"datePublished":"2016-12-24T20:46:32+00:00","dateModified":"2024-01-17T15:46:21+00:00","breadcrumb":{"@id":"https:\/\/inmocosta.com\/es\/staff-inmocosta-api-estartit\/#breadcrumb"},"inLanguage":"es","potentialAction":[{"@type":"ReadAction","target":["https:\/\/inmocosta.com\/es\/staff-inmocosta-api-estartit\/"]}]},{"@type":"BreadcrumbList","@id":"https:\/\/inmocosta.com\/es\/staff-inmocosta-api-estartit\/#breadcrumb","itemListElement":[{"@type":"ListItem","position":1,"name":"Home","item":"https:\/\/inmocosta.com\/es\/"},{"@type":"ListItem","position":2,"name":"Contacto"}]},{"@type":"WebSite","@id":"https:\/\/inmocosta.com\/es\/#website","url":"https:\/\/inmocosta.com\/es\/","name":"Inmocosta API l&#039;Estartit -","description":"Ag\u00e8ncia immobiliaria dedicada exclusivament a la compra venda d\u00b4immobles . L&#039;assessorem en la compra del seu habitatge. Comprar cases, pisos, apartaments.","publisher":{"@id":"https:\/\/inmocosta.com\/es\/#organization"},"potentialAction":[{"@type":"SearchAction","target":{"@type":"EntryPoint","urlTemplate":"https:\/\/inmocosta.com\/es\/?s={search_term_string}"},"query-input":"required name=search_term_string"}],"inLanguage":"es"},{"@type":"Organization","@id":"https:\/\/inmocosta.com\/es\/#organization","name":"Inmocosta API L'Estartit","url":"https:\/\/inmocosta.com\/es\/","logo":{"@type":"ImageObject","inLanguage":"es","@id":"https:\/\/inmocosta.com\/es\/#\/schema\/logo\/image\/","url":"https:\/\/inmocosta.com\/wp-content\/uploads\/2025\/01\/imatge_usuari.png","contentUrl":"https:\/\/inmocosta.com\/wp-content\/uploads\/2025\/01\/imatge_usuari.png","width":500,"height":500,"caption":"Inmocosta API L'Estartit"},"image":{"@id":"https:\/\/inmocosta.com\/es\/#\/schema\/logo\/image\/"},"sameAs":["https:\/\/www.facebook.com\/inmocostaapi\/","https:\/\/www.instagram.com\/inmocosta_api\/","https:\/\/www.youtube.com\/channel\/UCidmbkY6BpJG9MA_OQUZgYQ"]}]}},"_links":{"self":[{"href":"https:\/\/inmocosta.com\/es\/wp-json\/wp\/v2\/pages\/32787","targetHints":{"allow":["GET"]}}],"collection":[{"href":"https:\/\/inmocosta.com\/es\/wp-json\/wp\/v2\/pages"}],"about":[{"href":"https:\/\/inmocosta.com\/es\/wp-json\/wp\/v2\/types\/page"}],"author":[{"embeddable":true,"href":"https:\/\/inmocosta.com\/es\/wp-json\/wp\/v2\/users\/1"}],"replies":[{"embeddable":true,"href":"https:\/\/inmocosta.com\/es\/wp-json\/wp\/v2\/comments?post=32787"}],"version-history":[{"count":30,"href":"https:\/\/inmocosta.com\/es\/wp-json\/wp\/v2\/pages\/32787\/revisions"}],"predecessor-version":[{"id":80196,"href":"https:\/\/inmocosta.com\/es\/wp-json\/wp\/v2\/pages\/32787\/revisions\/80196"}],"wp:featuredmedia":[{"embeddable":true,"href":"https:\/\/inmocosta.com\/es\/wp-json\/wp\/v2\/media\/51823"}],"wp:attachment":[{"href":"https:\/\/inmocosta.com\/es\/wp-json\/wp\/v2\/media?parent=32787"}],"curies":[{"name":"wp","href":"https:\/\/api.w.org\/{rel}","templated":true}]}}