{"id":42614,"date":"2018-07-25T10:22:58","date_gmt":"2018-07-25T09:22:58","guid":{"rendered":"http:\/\/inmocosta.com\/servei-de-gestio-de-certificat-deficiencia-energetica\/"},"modified":"2018-07-25T10:23:13","modified_gmt":"2018-07-25T09:23:13","slug":"servei-de-gestio-de-certificat-deficiencia-energetica","status":"publish","type":"page","link":"https:\/\/inmocosta.com\/es\/servei-de-gestio-de-certificat-deficiencia-energetica\/","title":{"rendered":"Servei de gesti\u00f3 de certificat d\u2019efici\u00e8ncia energ\u00e8tica"},"content":{"rendered":"<p>El Real Decret 235\/2013, (BOE 89), de 5 d\u2019abril, aproba el procediment b\u00e0sic per la certificaci\u00f3 de la Efici\u00e8ncia Energ\u00e8tica dels edificis.<\/p>\n<p>La Llei 8\/2013, (BOE 153), de 26 de juny, estableix les infraccions i sancions per PUBLICITAR, VENDRE o LLOGAR sense l\u2019etiqueta d\u2019efici\u00e8ncia energ\u00e8tica.<\/p>\n<p><strong>Destaquem:<\/strong><\/p>\n<ul>\n<li>La Disposici\u00f3 Addicional 3\u00aa de la Llei que regula les infraccions en mat\u00e8ria de certificaci\u00f3 d\u2019efici\u00e8ncia energ\u00e8tica dels edificis i a la disposici\u00f3 addicional 4\u00aa, de les sancions.<\/li>\n<li>\u00c9s infracci\u00f3 molt greu, publicitar en la venda o en el lloguer d\u2019edificis o parts dels mateixos, una qualificaci\u00f3 d\u2019efici\u00e8ncia energ\u00e8tica que no tingui el seu corresponent certificat, en vigor i degudament registrat.<\/li>\n<li>\u00c9s infracci\u00f3 greu, incomplir l\u2019obligaci\u00f3 de presentar el certificat d\u2019efici\u00e8ncia energ\u00e8tica davant l\u2019Organisme competent de la comunitat aut\u00f2noma, exhibir una etiqueta que no es correspongui amb el certificat d\u2019efici\u00e8ncia v\u00e0lidament em\u00e8s, registrat i en vigor i vendre o llogar un immoble, sense que el venedor o arrendador entregui el certificat d\u2019efici\u00e8ncia energ\u00e8tica, v\u00e0lid, registrat i en vigor, a favor del comprador o arrendatari.<\/li>\n<li>S\u00f3n infraccions lleus:<\/li>\n<\/ul>\n<blockquote>\n<ol>\n<li>Publicitar la venda o lloguer d\u2019edificis o unitats d\u2019edificis, que hagin de disposar de certificat d\u2019efici\u00e8ncia energ\u00e8tica, sense fer menci\u00f3 a la seva qualificaci\u00f3.<\/li>\n<li>No exhibir l\u2019etiqueta quan resulti obligat, incomplir les obligacions de renovaci\u00f3 o actualitzaci\u00f3.<\/li>\n<li>No incorporar el certificat en el Llibre de l\u2019edifici, (obra nova).<\/li>\n<li>L\u2019exhibici\u00f3 de l\u2019etiqueta sense el format ni contingut m\u00ednim legalment establerts.<\/li>\n<\/ol>\n<\/blockquote>\n<ul>\n<li>S\u00f3n considerats subjectes responsables de les infraccions referides, les persones f\u00edsiques o jur\u00eddiques i les comunitats de b\u00e9ns, que en siguin responsables, i fins i tot a t\u00edtol de simple inobservan\u00e7a.<\/li>\n<li>La instrucci\u00f3 i resoluci\u00f3 dels expedients sancionadors aniran a c\u00e0rrec dels \u00f2rgans competents de les comunitats aut\u00f2nomes.<\/li>\n<\/ul>\n<p><strong>Les sancions s\u00f3n:<\/strong><\/p>\n<ul>\n<li>Les infraccions lleus, amb multa de 300 a 600 euros.<\/li>\n<\/ul>\n<ul>\n<li>Les infraccions greus, amb multa de 601 a 1.000 euros.<\/li>\n<\/ul>\n<ul>\n<li>Les infraccions molt greus, amb multa de 1.001 a 6.000 euros.<\/li>\n<\/ul>\n<p>Per tant totes les transaccions de venda o lloguer, d\u2019en\u00e7\u00e0 de l\u20191 de juny de 2013, han de tenir el certificat d\u2019efici\u00e8ncia energ\u00e8tica, amb exclusi\u00f3 dels que el seu \u00fas sigui inferior a 4 mesos.<\/p>\n<p>inmocosta@inmocosta.com<\/p>\n<p>Truca\u2019ns: 972 75 17 40<\/p>\n<h2 class=\"titol\">Parlem amb propietat<\/h2>\n","protected":false},"excerpt":{"rendered":"<p>El Real Decret 235\/2013, (BOE 89), de 5 d\u2019abril, aproba el procediment b\u00e0sic per la certificaci\u00f3 de la Efici\u00e8ncia Energ\u00e8tica dels edificis. La Llei 8\/2013, (BOE 153), de 26 de juny, estableix les infraccions i sancions per PUBLICITAR, VENDRE o LLOGAR sense l\u2019etiqueta d\u2019efici\u00e8ncia energ\u00e8tica. Destaquem: La Disposici\u00f3 Addicional 3\u00aa de la Llei que regula les infraccions en mat\u00e8ria de certificaci\u00f3 d\u2019efici\u00e8ncia energ\u00e8tica dels &#8230;<\/p>\n","protected":false},"author":1,"featured_media":0,"parent":0,"menu_order":0,"comment_status":"closed","ping_status":"closed","template":"","meta":{"footnotes":""},"class_list":["post-42614","page","type-page","status-publish","hentry"],"yoast_head":"<!-- This site is optimized with the Yoast SEO plugin v21.8 - https:\/\/yoast.com\/wordpress\/plugins\/seo\/ -->\n<title>Servei de gesti\u00f3 de certificat d\u2019efici\u00e8ncia energ\u00e8tica<\/title>\n<meta name=\"robots\" content=\"index, follow, max-snippet:-1, max-image-preview:large, max-video-preview:-1\" \/>\n<link rel=\"canonical\" href=\"https:\/\/inmocosta.com\/es\/servei-de-gestio-de-certificat-deficiencia-energetica\/\" \/>\n<meta property=\"og:locale\" content=\"es_ES\" \/>\n<meta property=\"og:type\" content=\"article\" \/>\n<meta property=\"og:title\" content=\"Servei de gesti\u00f3 de certificat d\u2019efici\u00e8ncia energ\u00e8tica\" \/>\n<meta property=\"og:description\" content=\"El Real Decret 235\/2013, (BOE 89), de 5 d\u2019abril, aproba el procediment b\u00e0sic per la certificaci\u00f3 de la Efici\u00e8ncia Energ\u00e8tica dels edificis. La Llei 8\/2013, (BOE 153), de 26 de juny, estableix les infraccions i sancions per PUBLICITAR, VENDRE o LLOGAR sense l\u2019etiqueta d\u2019efici\u00e8ncia energ\u00e8tica. Destaquem: La Disposici\u00f3 Addicional 3\u00aa de la Llei que regula les infraccions en mat\u00e8ria de certificaci\u00f3 d\u2019efici\u00e8ncia energ\u00e8tica dels ...\" \/>\n<meta property=\"og:url\" content=\"https:\/\/inmocosta.com\/es\/servei-de-gestio-de-certificat-deficiencia-energetica\/\" \/>\n<meta property=\"og:site_name\" content=\"Inmocosta API l&#039;Estartit -\" \/>\n<meta property=\"article:publisher\" content=\"https:\/\/www.facebook.com\/inmocostaapi\/\" \/>\n<meta property=\"article:modified_time\" content=\"2018-07-25T09:23:13+00:00\" \/>\n<meta property=\"og:image\" content=\"https:\/\/inmocosta.com\/wp-content\/uploads\/2018\/07\/Untitled-design.png\" \/>\n\t<meta property=\"og:image:width\" content=\"200\" \/>\n\t<meta property=\"og:image:height\" content=\"200\" \/>\n\t<meta property=\"og:image:type\" content=\"image\/png\" \/>\n<meta name=\"twitter:card\" content=\"summary_large_image\" \/>\n<meta name=\"twitter:label1\" content=\"Tiempo de lectura\" \/>\n\t<meta name=\"twitter:data1\" content=\"2 minutos\" \/>\n<script type=\"application\/ld+json\" class=\"yoast-schema-graph\">{\"@context\":\"https:\/\/schema.org\",\"@graph\":[{\"@type\":\"WebPage\",\"@id\":\"https:\/\/inmocosta.com\/es\/servei-de-gestio-de-certificat-deficiencia-energetica\/\",\"url\":\"https:\/\/inmocosta.com\/es\/servei-de-gestio-de-certificat-deficiencia-energetica\/\",\"name\":\"Servei de gesti\u00f3 de certificat d\u2019efici\u00e8ncia energ\u00e8tica\",\"isPartOf\":{\"@id\":\"https:\/\/inmocosta.com\/es\/#website\"},\"datePublished\":\"2018-07-25T09:22:58+00:00\",\"dateModified\":\"2018-07-25T09:23:13+00:00\",\"breadcrumb\":{\"@id\":\"https:\/\/inmocosta.com\/es\/servei-de-gestio-de-certificat-deficiencia-energetica\/#breadcrumb\"},\"inLanguage\":\"es\",\"potentialAction\":[{\"@type\":\"ReadAction\",\"target\":[\"https:\/\/inmocosta.com\/es\/servei-de-gestio-de-certificat-deficiencia-energetica\/\"]}]},{\"@type\":\"BreadcrumbList\",\"@id\":\"https:\/\/inmocosta.com\/es\/servei-de-gestio-de-certificat-deficiencia-energetica\/#breadcrumb\",\"itemListElement\":[{\"@type\":\"ListItem\",\"position\":1,\"name\":\"Home\",\"item\":\"https:\/\/inmocosta.com\/es\/\"},{\"@type\":\"ListItem\",\"position\":2,\"name\":\"Servei de gesti\u00f3 de certificat d\u2019efici\u00e8ncia energ\u00e8tica\"}]},{\"@type\":\"WebSite\",\"@id\":\"https:\/\/inmocosta.com\/es\/#website\",\"url\":\"https:\/\/inmocosta.com\/es\/\",\"name\":\"Inmocosta API l&#039;Estartit -\",\"description\":\"Ag\u00e8ncia immobiliaria dedicada exclusivament a la compra venda d\u00b4immobles . L&#039;assessorem en la compra del seu habitatge. Comprar cases, pisos, apartaments.\",\"publisher\":{\"@id\":\"https:\/\/inmocosta.com\/es\/#organization\"},\"potentialAction\":[{\"@type\":\"SearchAction\",\"target\":{\"@type\":\"EntryPoint\",\"urlTemplate\":\"https:\/\/inmocosta.com\/es\/?s={search_term_string}\"},\"query-input\":\"required name=search_term_string\"}],\"inLanguage\":\"es\"},{\"@type\":\"Organization\",\"@id\":\"https:\/\/inmocosta.com\/es\/#organization\",\"name\":\"Inmocosta API L'Estartit\",\"url\":\"https:\/\/inmocosta.com\/es\/\",\"logo\":{\"@type\":\"ImageObject\",\"inLanguage\":\"es\",\"@id\":\"https:\/\/inmocosta.com\/es\/#\/schema\/logo\/image\/\",\"url\":\"https:\/\/inmocosta.com\/wp-content\/uploads\/2025\/01\/imatge_usuari.png\",\"contentUrl\":\"https:\/\/inmocosta.com\/wp-content\/uploads\/2025\/01\/imatge_usuari.png\",\"width\":500,\"height\":500,\"caption\":\"Inmocosta API L'Estartit\"},\"image\":{\"@id\":\"https:\/\/inmocosta.com\/es\/#\/schema\/logo\/image\/\"},\"sameAs\":[\"https:\/\/www.facebook.com\/inmocostaapi\/\",\"https:\/\/www.instagram.com\/inmocosta_api\/\",\"https:\/\/www.youtube.com\/channel\/UCidmbkY6BpJG9MA_OQUZgYQ\"]}]}<\/script>\n<!-- \/ Yoast SEO plugin. -->","yoast_head_json":{"title":"Servei de gesti\u00f3 de certificat d\u2019efici\u00e8ncia energ\u00e8tica","robots":{"index":"index","follow":"follow","max-snippet":"max-snippet:-1","max-image-preview":"max-image-preview:large","max-video-preview":"max-video-preview:-1"},"canonical":"https:\/\/inmocosta.com\/es\/servei-de-gestio-de-certificat-deficiencia-energetica\/","og_locale":"es_ES","og_type":"article","og_title":"Servei de gesti\u00f3 de certificat d\u2019efici\u00e8ncia energ\u00e8tica","og_description":"El Real Decret 235\/2013, (BOE 89), de 5 d\u2019abril, aproba el procediment b\u00e0sic per la certificaci\u00f3 de la Efici\u00e8ncia Energ\u00e8tica dels edificis. La Llei 8\/2013, (BOE 153), de 26 de juny, estableix les infraccions i sancions per PUBLICITAR, VENDRE o LLOGAR sense l\u2019etiqueta d\u2019efici\u00e8ncia energ\u00e8tica. Destaquem: La Disposici\u00f3 Addicional 3\u00aa de la Llei que regula les infraccions en mat\u00e8ria de certificaci\u00f3 d\u2019efici\u00e8ncia energ\u00e8tica dels ...","og_url":"https:\/\/inmocosta.com\/es\/servei-de-gestio-de-certificat-deficiencia-energetica\/","og_site_name":"Inmocosta API l&#039;Estartit -","article_publisher":"https:\/\/www.facebook.com\/inmocostaapi\/","article_modified_time":"2018-07-25T09:23:13+00:00","og_image":[{"width":200,"height":200,"url":"https:\/\/inmocosta.com\/wp-content\/uploads\/2018\/07\/Untitled-design.png","type":"image\/png"}],"twitter_card":"summary_large_image","twitter_misc":{"Tiempo de lectura":"2 minutos"},"schema":{"@context":"https:\/\/schema.org","@graph":[{"@type":"WebPage","@id":"https:\/\/inmocosta.com\/es\/servei-de-gestio-de-certificat-deficiencia-energetica\/","url":"https:\/\/inmocosta.com\/es\/servei-de-gestio-de-certificat-deficiencia-energetica\/","name":"Servei de gesti\u00f3 de certificat d\u2019efici\u00e8ncia energ\u00e8tica","isPartOf":{"@id":"https:\/\/inmocosta.com\/es\/#website"},"datePublished":"2018-07-25T09:22:58+00:00","dateModified":"2018-07-25T09:23:13+00:00","breadcrumb":{"@id":"https:\/\/inmocosta.com\/es\/servei-de-gestio-de-certificat-deficiencia-energetica\/#breadcrumb"},"inLanguage":"es","potentialAction":[{"@type":"ReadAction","target":["https:\/\/inmocosta.com\/es\/servei-de-gestio-de-certificat-deficiencia-energetica\/"]}]},{"@type":"BreadcrumbList","@id":"https:\/\/inmocosta.com\/es\/servei-de-gestio-de-certificat-deficiencia-energetica\/#breadcrumb","itemListElement":[{"@type":"ListItem","position":1,"name":"Home","item":"https:\/\/inmocosta.com\/es\/"},{"@type":"ListItem","position":2,"name":"Servei de gesti\u00f3 de certificat d\u2019efici\u00e8ncia energ\u00e8tica"}]},{"@type":"WebSite","@id":"https:\/\/inmocosta.com\/es\/#website","url":"https:\/\/inmocosta.com\/es\/","name":"Inmocosta API l&#039;Estartit -","description":"Ag\u00e8ncia immobiliaria dedicada exclusivament a la compra venda d\u00b4immobles . L&#039;assessorem en la compra del seu habitatge. Comprar cases, pisos, apartaments.","publisher":{"@id":"https:\/\/inmocosta.com\/es\/#organization"},"potentialAction":[{"@type":"SearchAction","target":{"@type":"EntryPoint","urlTemplate":"https:\/\/inmocosta.com\/es\/?s={search_term_string}"},"query-input":"required name=search_term_string"}],"inLanguage":"es"},{"@type":"Organization","@id":"https:\/\/inmocosta.com\/es\/#organization","name":"Inmocosta API L'Estartit","url":"https:\/\/inmocosta.com\/es\/","logo":{"@type":"ImageObject","inLanguage":"es","@id":"https:\/\/inmocosta.com\/es\/#\/schema\/logo\/image\/","url":"https:\/\/inmocosta.com\/wp-content\/uploads\/2025\/01\/imatge_usuari.png","contentUrl":"https:\/\/inmocosta.com\/wp-content\/uploads\/2025\/01\/imatge_usuari.png","width":500,"height":500,"caption":"Inmocosta API L'Estartit"},"image":{"@id":"https:\/\/inmocosta.com\/es\/#\/schema\/logo\/image\/"},"sameAs":["https:\/\/www.facebook.com\/inmocostaapi\/","https:\/\/www.instagram.com\/inmocosta_api\/","https:\/\/www.youtube.com\/channel\/UCidmbkY6BpJG9MA_OQUZgYQ"]}]}},"_links":{"self":[{"href":"https:\/\/inmocosta.com\/es\/wp-json\/wp\/v2\/pages\/42614","targetHints":{"allow":["GET"]}}],"collection":[{"href":"https:\/\/inmocosta.com\/es\/wp-json\/wp\/v2\/pages"}],"about":[{"href":"https:\/\/inmocosta.com\/es\/wp-json\/wp\/v2\/types\/page"}],"author":[{"embeddable":true,"href":"https:\/\/inmocosta.com\/es\/wp-json\/wp\/v2\/users\/1"}],"replies":[{"embeddable":true,"href":"https:\/\/inmocosta.com\/es\/wp-json\/wp\/v2\/comments?post=42614"}],"version-history":[{"count":1,"href":"https:\/\/inmocosta.com\/es\/wp-json\/wp\/v2\/pages\/42614\/revisions"}],"predecessor-version":[{"id":42615,"href":"https:\/\/inmocosta.com\/es\/wp-json\/wp\/v2\/pages\/42614\/revisions\/42615"}],"wp:attachment":[{"href":"https:\/\/inmocosta.com\/es\/wp-json\/wp\/v2\/media?parent=42614"}],"curies":[{"name":"wp","href":"https:\/\/api.w.org\/{rel}","templated":true}]}}