{"id":47096,"date":"2018-10-26T09:31:27","date_gmt":"2018-10-26T08:31:27","guid":{"rendered":"http:\/\/inmocosta.com\/aviso-legal\/"},"modified":"2018-10-26T09:35:43","modified_gmt":"2018-10-26T08:35:43","slug":"aviso-legal","status":"publish","type":"page","link":"https:\/\/inmocosta.com\/es\/aviso-legal\/","title":{"rendered":"Aviso Legal"},"content":{"rendered":"<p>El presente\u00a0<strong>AVISO LEGAL<\/strong>\u00a0regula, en sus t\u00e9rminos y condiciones el uso de este sitio web (en adelante \u201cla Web\u201d), del que es titular y responsable del fichero de la empresa\u00a0<strong>Ruiz Reg\u00e0s Inmocosta S.L<\/strong>\u00a0inscrita en el Registro Mercantil de Gerona T 1547, L.0 Sec.8\u00aa F.205 Ins. 1\u00aa. \u2013 CIF B-17634338 y con domicilio social en:\u00a0<strong>Avenida de Gr\u00e8cia, 26, 17258 L\u2019Estartit, Gerona.<\/strong><\/p>\n<p>&nbsp;<\/p>\n<p>Para la utilizaci\u00f3n de esta P\u00e1gina se requiere la aceptaci\u00f3n expresa por parte del usuario de todas y cada una de las cl\u00e1usulas que se indican en el presente Aviso Legal, as\u00ed como de cada una de las advertencias o cl\u00e1usulas espec\u00edficas que se establezcan para la contrataci\u00f3n de determinados servicios, productos o uso de zonas de la P\u00e1gina.<\/p>\n<p>En caso de no aceptar las cl\u00e1usulas establecidas en el presente Aviso Legal, el usuario deber\u00e1 abstenerse de acceder y\/o utilizar los servicios y\/o contenidos puestos a su disposici\u00f3n en la P\u00e1gina, procediendo a abandonar la misma.<\/p>\n<p><strong>\u00a0Ruiz Reg\u00e0s Inmocosta S.L <\/strong>guarda el derecho de modificar el presente AVISO LEGAL mediante la simple publicaci\u00f3n de las modificaciones oportunas con el fin de que puedan ser conocidas por los Usuarios.<\/p>\n<p>&nbsp;<\/p>\n<p>En el caso de que cualquier cl\u00e1usula incluida en estas condiciones generales fuese declarada, total o parcialmente, nula o ineficaz, tal nulidad o ineficacia afectar\u00e1 tan s\u00f3lo a dicha disposici\u00f3n o a la parte de la misma que resulte nula o ineficaz, subsistiendo las condiciones generales en todo lo dem\u00e1s, teni\u00e9ndose tal disposici\u00f3n, o la parte de la misma que resultase afectada, por no puesta.<\/p>\n<p><strong>USO DE LA P\u00c1GINA<\/strong><\/p>\n<p>&nbsp;<\/p>\n<p>El usuario se obliga a no utilizar la P\u00e1gina para la realizaci\u00f3n de actividades contrarias a las leyes, a la moral, al orden p\u00fablico y, en general, a hacer un uso conforme a las condiciones establecidas en el presente Aviso Legal. Asimismo, se obliga a no realizar actividades publicitarias o de explotaci\u00f3n comercial remitiendo mensajes que utilicen una identidad falsa.<\/p>\n<p><strong>\u00a0Ruiz Reg\u00e0s Inmocosta S.L <\/strong>act\u00faa exclusivamente como responsable de la P\u00e1gina en su condici\u00f3n de prestador de un servicio de informaci\u00f3n sobre sus propios servicios, no haci\u00e9ndose responsable de los contenidos que, en contravenci\u00f3n a las presentes condiciones generales,\u00a0 los\u00a0 usuarios\u00a0 pudieran\u00a0 enviar\u00a0 o\u00a0 publicar,\u00a0 siendo\u00a0 el\u00a0 usuario\u00a0 el\u00a0 \u00fanico responsable de la veracidad y licitud de los mismos.<\/p>\n<p>&nbsp;<\/p>\n<p><strong>\u00a0Ruiz Reg\u00e0s Inmocosta S.L <\/strong>podr\u00e1 interrumpir el servicio de la P\u00e1gina que est\u00e9 siendo utilizado por el usuario y resolver de modo inmediato la relaci\u00f3n con el usuario si detecta un uso de la P\u00e1gina o\u00a0 de cualquiera de los servicios que en el\u00a0 mismo\u00a0 se ofertan que pueda considerar contrario a lo expresado en el presente Aviso Legal.<\/p>\n<p>&nbsp;<\/p>\n<p><strong>PROPIEDAD INTELECTUAL E INDUSTRIAL<\/strong><\/p>\n<p>&nbsp;<\/p>\n<p>La totalidad de esta P\u00e1gina: texto, im\u00e1genes, marcas, gr\u00e1ficos, logotipos, botones, archivos de software, combinaciones de colores, as\u00ed como la estructura, selecci\u00f3n, ordenaci\u00f3n y presentaci\u00f3n de sus contenidos, se encuentra protegida por las leyes sobre Propiedad Intelectual e Industrial, quedando prohibida su reproducci\u00f3n, distribuci\u00f3n, comunicaci\u00f3n p\u00fablica y transformaci\u00f3n, salvo para uso personal y privado.<\/p>\n<p><strong>Ruiz Reg\u00e0s Inmocosta S.L <\/strong>no garantiza que los contenidos sean precisos o libres de error o que el libre uso de los mismos por el usuario no infrinja los derechos de terceras partes. El buen o mal uso de esta p\u00e1gina y de sus contenidos esta bajo la responsabilidad del usuario.<\/p>\n<p>Asimismo, queda prohibida la reproducci\u00f3n, retransmisi\u00f3n, copia, cesi\u00f3n o redifusi\u00f3n, total o parcial, de la informaci\u00f3n contenida en la P\u00e1gina, cualquiera que fuera su finalidad y el medio utilizado para ello, sin autorizaci\u00f3n previa de\u00a0<strong>Ruiz Reg\u00e0s Inmocosta S.L<\/strong><\/p>\n<p>&nbsp;<\/p>\n<p><strong>\u00a0<\/strong><\/p>\n<p><strong>\u00a0<\/strong><\/p>\n<p><strong>\u00a0<\/strong><\/p>\n<p><strong>ENLACES O LINKS<\/strong><\/p>\n<p>&nbsp;<\/p>\n<p><strong>Ruiz Reg\u00e0s Inmocosta S.L <\/strong>recomienda la lectura detenida de las condiciones de uso y la pol\u00edtica de privacidad de estos sitios. En caso de estar interesado en activar un enlace a alguna de las p\u00e1ginas de\u00a0<strong>Ruiz Reg\u00e0s Inmocosta S.L<\/strong>\u00a0deber\u00e1 comunicarlo, obteniendo el consentimiento expreso para crear el enlace.\u00a0<strong>Ruiz Reg\u00e0s Inmocosta S.L <\/strong>se reserva el derecho de oposici\u00f3n a la activaci\u00f3n de enlaces con su sitio web.<\/p>\n<p>&nbsp;<\/p>\n<p><strong>MENORES DE EDAD<\/strong><\/p>\n<p>&nbsp;<\/p>\n<p><strong>Ruiz Reg\u00e0s Inmocosta S.L <\/strong>advierte a los usuarios mayores de edad, que tengan a su cargo menores, que ser\u00e1 de su exclusiva responsabilidad determinar qu\u00e9 servicios y\/o contenidos son o no apropiados para la edad de estos \u00faltimos.\u00a0<strong>Ruiz Reg\u00e0s Inmocosta S.L <\/strong>les comunica que existen programas inform\u00e1ticos que permiten filtrar, bloquear y limitar el acceso a determinados contenidos y servicios, de tal forma que los padres o tutores, por ejemplo, pueden decidir cu\u00e1les son los contenidos y servicios de Internet a los que los menores pueden tener acceso y cu\u00e1les no.<\/p>\n<p>&nbsp;<\/p>\n<p><strong>RESPONSABILIDADES<\/strong><\/p>\n<p>&nbsp;<\/p>\n<p><strong>Ruiz Reg\u00e0s Inmocosta S.L <\/strong>no ser\u00e1 responsable directa ni subsidiariamente de:<\/p>\n<p>&nbsp;<\/p>\n<ul>\n<li>La calidad del servicio, la velocidad de acceso, el correcto funcionamiento ni la disponibilidad ni continuidad de funcionamiento de la P\u00e1gina.<\/li>\n<li>Los da\u00f1os que puedan causarse en los equipos del usuario por la utilizaci\u00f3n de la P\u00e1gina.<\/li>\n<li>Los\u00a0 casos\u00a0 en\u00a0 que\u00a0 un\u00a0 tercero,\u00a0 quebrantando\u00a0 las\u00a0 medidas\u00a0 de\u00a0 seguridad establecidas,\u00a0 acceda\u00a0 a los\u00a0 mensajes\u00a0 o los\u00a0 utilice\u00a0 para\u00a0 la\u00a0 remisi\u00f3n de\u00a0 virus inform\u00e1ticos.<\/li>\n<li>Los vicios y defectos de toda clase de los contenidos transmitidos, difundidos, almacenados o puestos a disposici\u00f3n.<\/li>\n<li>La licitud, fiabilidad y utilidad de los contenidos que los usuarios transmitan con la utilizaci\u00f3n de la p\u00e1gina o de los servicios en \u00e9l ofertados, as\u00ed como tampoco su veracidad o exactitud.<\/li>\n<\/ul>\n<p>&nbsp;<\/p>\n<p><strong>Ruiz Reg\u00e0s Inmocosta S.L <\/strong>no controla la utilizaci\u00f3n que los usuarios hacen de la P\u00e1gina, ni garantiza que lo hagan conforme a lo establecido en el presente Aviso Legal.<\/p>\n<p>&nbsp;<\/p>\n<p><strong>A t\u00edtulo enunciativo y con car\u00e1cter no limitativo, el usuario ser\u00e1 responsable de:<\/strong><\/p>\n<p>&nbsp;<\/p>\n<ul>\n<li>De\u00a0 los\u00a0 contenidos\u00a0 introducidos\u00a0 por\u00a0 ellos,\u00a0 especialmente\u00a0 de\u00a0 los\u00a0 datos\u00a0 e informaciones introducidos y enviados a\u00a0<strong>Ruiz Reg\u00e0s Inmocosta S.L<\/strong>por medio de la P\u00e1gina o en la P\u00e1gina.<\/li>\n<li>De la realizaci\u00f3n de cualquier tipo de actuaci\u00f3n il\u00edcita, lesiva de derechos, nociva y\/o perjudicial.<\/li>\n<li>De la custodia de su nombre de usuario y password, no debi\u00e9ndolo comunicar a terceras personas, en orden a la evitaci\u00f3n de suplantaciones de identidad o facilitaci\u00f3n de datos no veraces o incorrectos.<\/li>\n<\/ul>\n<p>&nbsp;<\/p>\n<p><strong>POLITICA DE PRIVACIDAD Y PROTECCI\u00d3N DE DATOS<\/strong><\/p>\n<p>&nbsp;<\/p>\n<p><strong>Ruiz Reg\u00e0s Inmocosta S.L <\/strong>pone en conocimiento del usuario de esta web, la legislaci\u00f3n vigente en materia de protecci\u00f3n de datos de car\u00e1cter personal, privacidad de los usuarios y el secreto y seguridad de los datos personales.<\/p>\n<p>Para ello se adoptan las medidas de \u00edndole t\u00e9cnica y organizativa necesarias para garantizar la seguridad de los datos de car\u00e1cter personal contenidos en los mismos y para evitar su alteraci\u00f3n, p\u00e9rdida, tratamiento o acceso no autorizado, habida cuenta del estado de la tecnolog\u00eda, la naturaleza de los datos y los riesgos a los que est\u00e1n expuestos.<\/p>\n<p>Los datos personales facilitados ser\u00e1n incluidos en los ficheros, manuales o automatizados registrados en la Agencia Espa\u00f1ola de Protecci\u00f3n de Datos, bajo titularidad de\u00a0<strong>Ruiz Reg\u00e0s Inmocosta S.L,\u00a0<\/strong>que utilizar\u00e1 para la adecuada gesti\u00f3n de la relaci\u00f3n pre-contractual y\/o contractual y para las finalidades descritas en nuestra\u00a0<strong>POL\u00cdTICA DE PRIVACIDAD<\/strong>.<\/p>\n<p>&nbsp;<\/p>\n<p>Le informamos que puede ejercitar sus derechos de <strong>acceso, rectificaci\u00f3n, cancelaci\u00f3n u oposici\u00f3n<\/strong>\u00a0mediante\u00a0 comunicaci\u00f3n\u00a0 escrita\u00a0 dirigida\u00a0 al\u00a0 domicilio\u00a0 de\u00a0 la\u00a0 Compa\u00f1\u00eda\u00a0 ubicado\u00a0 en\u00a0<strong>Avenida Gr\u00e8cia 26, 17258 L\u2019Estartit, Girona.<\/strong><\/p>\n<p>&nbsp;<\/p>\n<p><strong>Disponemos de un Link espec\u00edfico para que conozca con detalle nuestra: POL\u00cdTICA DE PRIVACIDAD.<\/strong><\/p>\n<p>&nbsp;<\/p>\n<p>El usuario ser\u00e1 el \u00fanico responsable de la veracidad de los datos facilitados a\u00a0<strong>Ruiz Reg\u00e0s Inmocosta S.L <\/strong>La\u00a0 navegaci\u00f3n\u00a0 por\u00a0 la\u00a0 P\u00e1gina\u00a0 deja\u00a0 como\u00a0 rastro\u00a0 la\u00a0 direcci\u00f3n\u00a0 IP\u00a0 asignada\u00a0 por\u00a0 su proveedor de acceso, estos datos \u00fanicamente ser\u00e1n utilizados con la finalidad de elaborar datos estad\u00edsticos de la P\u00e1gina.<\/p>\n<p><strong>Ruiz Reg\u00e0s Inmocosta S.L<\/strong>\u00a0administra su entorno de servidores de forma adecuada, teniendo una infraestructura firewall\u00a0 de estricto cumplimiento. Utiliza continuamente tecnolog\u00edas actuales para asegurarse de que la confidencialidad y la privacidad de la informaci\u00f3n no est\u00e1 comprometida.<strong>\u00a0No obstante lo anterior, el usuario reconoce y acepta\u00a0que las medidas de seguridad en Internet no son inexpugnables.<\/strong><\/p>\n<p>&nbsp;<\/p>\n<p><strong>FUERO<\/strong><\/p>\n<p>&nbsp;<\/p>\n<p>El presente Aviso Legal se encuentra redactado en castellano, y se encuentra sometido a la legislaci\u00f3n espa\u00f1ola vigente. Para cualquier tipo de controversia derivada de la utilizaci\u00f3n de los servicios ofrecidos o de los contenidos propios de la P\u00e1gina las partes, con la aceptaci\u00f3n del clausulado establecido en el presente Aviso Legal se someter\u00e1n a los Tribunales y Juzgados competentes de Girona.<\/p>\n","protected":false},"excerpt":{"rendered":"<p>El presente\u00a0AVISO LEGAL\u00a0regula, en sus t\u00e9rminos y condiciones el uso de este sitio web (en adelante \u201cla Web\u201d), del que es titular y responsable del fichero de la empresa\u00a0Ruiz Reg\u00e0s Inmocosta S.L\u00a0inscrita en el Registro Mercantil de Gerona T 1547, L.0 Sec.8\u00aa F.205 Ins. 1\u00aa. \u2013 CIF B-17634338 y con domicilio social en:\u00a0Avenida de Gr\u00e8cia, 26, 17258 L\u2019Estartit, Gerona. &nbsp; Para la utilizaci\u00f3n de &#8230;<\/p>\n","protected":false},"author":1,"featured_media":0,"parent":0,"menu_order":0,"comment_status":"closed","ping_status":"closed","template":"","meta":{"footnotes":""},"class_list":["post-47096","page","type-page","status-publish","hentry"],"yoast_head":"<!-- This site is optimized with the Yoast SEO plugin v21.8 - https:\/\/yoast.com\/wordpress\/plugins\/seo\/ -->\n<title>Aviso Legal<\/title>\n<meta name=\"robots\" content=\"index, follow, max-snippet:-1, max-image-preview:large, max-video-preview:-1\" \/>\n<link rel=\"canonical\" href=\"https:\/\/inmocosta.com\/es\/aviso-legal\/\" \/>\n<meta property=\"og:locale\" content=\"es_ES\" \/>\n<meta property=\"og:type\" content=\"article\" \/>\n<meta property=\"og:title\" content=\"Aviso Legal\" \/>\n<meta property=\"og:description\" content=\"El presente\u00a0AVISO LEGAL\u00a0regula, en sus t\u00e9rminos y condiciones el uso de este sitio web (en adelante \u201cla Web\u201d), del que es titular y responsable del fichero de la empresa\u00a0Ruiz Reg\u00e0s Inmocosta S.L\u00a0inscrita en el Registro Mercantil de Gerona T 1547, L.0 Sec.8\u00aa F.205 Ins. 1\u00aa. \u2013 CIF B-17634338 y con domicilio social en:\u00a0Avenida de Gr\u00e8cia, 26, 17258 L\u2019Estartit, Gerona. &nbsp; Para la utilizaci\u00f3n de ...\" \/>\n<meta property=\"og:url\" content=\"https:\/\/inmocosta.com\/es\/aviso-legal\/\" \/>\n<meta property=\"og:site_name\" content=\"Inmocosta API l&#039;Estartit -\" \/>\n<meta property=\"article:publisher\" content=\"https:\/\/www.facebook.com\/inmocostaapi\/\" \/>\n<meta property=\"article:modified_time\" content=\"2018-10-26T08:35:43+00:00\" \/>\n<meta name=\"twitter:card\" content=\"summary_large_image\" \/>\n<meta name=\"twitter:label1\" content=\"Tiempo de lectura\" \/>\n\t<meta name=\"twitter:data1\" content=\"8 minutos\" \/>\n<script type=\"application\/ld+json\" class=\"yoast-schema-graph\">{\"@context\":\"https:\/\/schema.org\",\"@graph\":[{\"@type\":\"WebPage\",\"@id\":\"https:\/\/inmocosta.com\/es\/aviso-legal\/\",\"url\":\"https:\/\/inmocosta.com\/es\/aviso-legal\/\",\"name\":\"Aviso Legal\",\"isPartOf\":{\"@id\":\"https:\/\/inmocosta.com\/es\/#website\"},\"datePublished\":\"2018-10-26T08:31:27+00:00\",\"dateModified\":\"2018-10-26T08:35:43+00:00\",\"breadcrumb\":{\"@id\":\"https:\/\/inmocosta.com\/es\/aviso-legal\/#breadcrumb\"},\"inLanguage\":\"es\",\"potentialAction\":[{\"@type\":\"ReadAction\",\"target\":[\"https:\/\/inmocosta.com\/es\/aviso-legal\/\"]}]},{\"@type\":\"BreadcrumbList\",\"@id\":\"https:\/\/inmocosta.com\/es\/aviso-legal\/#breadcrumb\",\"itemListElement\":[{\"@type\":\"ListItem\",\"position\":1,\"name\":\"Home\",\"item\":\"https:\/\/inmocosta.com\/es\/\"},{\"@type\":\"ListItem\",\"position\":2,\"name\":\"Aviso Legal\"}]},{\"@type\":\"WebSite\",\"@id\":\"https:\/\/inmocosta.com\/es\/#website\",\"url\":\"https:\/\/inmocosta.com\/es\/\",\"name\":\"Inmocosta API l&#039;Estartit -\",\"description\":\"Ag\u00e8ncia immobiliaria dedicada exclusivament a la compra venda d\u00b4immobles . L&#039;assessorem en la compra del seu habitatge. Comprar cases, pisos, apartaments.\",\"publisher\":{\"@id\":\"https:\/\/inmocosta.com\/es\/#organization\"},\"potentialAction\":[{\"@type\":\"SearchAction\",\"target\":{\"@type\":\"EntryPoint\",\"urlTemplate\":\"https:\/\/inmocosta.com\/es\/?s={search_term_string}\"},\"query-input\":\"required name=search_term_string\"}],\"inLanguage\":\"es\"},{\"@type\":\"Organization\",\"@id\":\"https:\/\/inmocosta.com\/es\/#organization\",\"name\":\"Inmocosta API L'Estartit\",\"url\":\"https:\/\/inmocosta.com\/es\/\",\"logo\":{\"@type\":\"ImageObject\",\"inLanguage\":\"es\",\"@id\":\"https:\/\/inmocosta.com\/es\/#\/schema\/logo\/image\/\",\"url\":\"https:\/\/inmocosta.com\/wp-content\/uploads\/2025\/01\/imatge_usuari.png\",\"contentUrl\":\"https:\/\/inmocosta.com\/wp-content\/uploads\/2025\/01\/imatge_usuari.png\",\"width\":500,\"height\":500,\"caption\":\"Inmocosta API L'Estartit\"},\"image\":{\"@id\":\"https:\/\/inmocosta.com\/es\/#\/schema\/logo\/image\/\"},\"sameAs\":[\"https:\/\/www.facebook.com\/inmocostaapi\/\",\"https:\/\/www.instagram.com\/inmocosta_api\/\",\"https:\/\/www.youtube.com\/channel\/UCidmbkY6BpJG9MA_OQUZgYQ\"]}]}<\/script>\n<!-- \/ Yoast SEO plugin. -->","yoast_head_json":{"title":"Aviso Legal","robots":{"index":"index","follow":"follow","max-snippet":"max-snippet:-1","max-image-preview":"max-image-preview:large","max-video-preview":"max-video-preview:-1"},"canonical":"https:\/\/inmocosta.com\/es\/aviso-legal\/","og_locale":"es_ES","og_type":"article","og_title":"Aviso Legal","og_description":"El presente\u00a0AVISO LEGAL\u00a0regula, en sus t\u00e9rminos y condiciones el uso de este sitio web (en adelante \u201cla Web\u201d), del que es titular y responsable del fichero de la empresa\u00a0Ruiz Reg\u00e0s Inmocosta S.L\u00a0inscrita en el Registro Mercantil de Gerona T 1547, L.0 Sec.8\u00aa F.205 Ins. 1\u00aa. \u2013 CIF B-17634338 y con domicilio social en:\u00a0Avenida de Gr\u00e8cia, 26, 17258 L\u2019Estartit, Gerona. &nbsp; Para la utilizaci\u00f3n de ...","og_url":"https:\/\/inmocosta.com\/es\/aviso-legal\/","og_site_name":"Inmocosta API l&#039;Estartit -","article_publisher":"https:\/\/www.facebook.com\/inmocostaapi\/","article_modified_time":"2018-10-26T08:35:43+00:00","twitter_card":"summary_large_image","twitter_misc":{"Tiempo de lectura":"8 minutos"},"schema":{"@context":"https:\/\/schema.org","@graph":[{"@type":"WebPage","@id":"https:\/\/inmocosta.com\/es\/aviso-legal\/","url":"https:\/\/inmocosta.com\/es\/aviso-legal\/","name":"Aviso Legal","isPartOf":{"@id":"https:\/\/inmocosta.com\/es\/#website"},"datePublished":"2018-10-26T08:31:27+00:00","dateModified":"2018-10-26T08:35:43+00:00","breadcrumb":{"@id":"https:\/\/inmocosta.com\/es\/aviso-legal\/#breadcrumb"},"inLanguage":"es","potentialAction":[{"@type":"ReadAction","target":["https:\/\/inmocosta.com\/es\/aviso-legal\/"]}]},{"@type":"BreadcrumbList","@id":"https:\/\/inmocosta.com\/es\/aviso-legal\/#breadcrumb","itemListElement":[{"@type":"ListItem","position":1,"name":"Home","item":"https:\/\/inmocosta.com\/es\/"},{"@type":"ListItem","position":2,"name":"Aviso Legal"}]},{"@type":"WebSite","@id":"https:\/\/inmocosta.com\/es\/#website","url":"https:\/\/inmocosta.com\/es\/","name":"Inmocosta API l&#039;Estartit -","description":"Ag\u00e8ncia immobiliaria dedicada exclusivament a la compra venda d\u00b4immobles . L&#039;assessorem en la compra del seu habitatge. Comprar cases, pisos, apartaments.","publisher":{"@id":"https:\/\/inmocosta.com\/es\/#organization"},"potentialAction":[{"@type":"SearchAction","target":{"@type":"EntryPoint","urlTemplate":"https:\/\/inmocosta.com\/es\/?s={search_term_string}"},"query-input":"required name=search_term_string"}],"inLanguage":"es"},{"@type":"Organization","@id":"https:\/\/inmocosta.com\/es\/#organization","name":"Inmocosta API L'Estartit","url":"https:\/\/inmocosta.com\/es\/","logo":{"@type":"ImageObject","inLanguage":"es","@id":"https:\/\/inmocosta.com\/es\/#\/schema\/logo\/image\/","url":"https:\/\/inmocosta.com\/wp-content\/uploads\/2025\/01\/imatge_usuari.png","contentUrl":"https:\/\/inmocosta.com\/wp-content\/uploads\/2025\/01\/imatge_usuari.png","width":500,"height":500,"caption":"Inmocosta API L'Estartit"},"image":{"@id":"https:\/\/inmocosta.com\/es\/#\/schema\/logo\/image\/"},"sameAs":["https:\/\/www.facebook.com\/inmocostaapi\/","https:\/\/www.instagram.com\/inmocosta_api\/","https:\/\/www.youtube.com\/channel\/UCidmbkY6BpJG9MA_OQUZgYQ"]}]}},"_links":{"self":[{"href":"https:\/\/inmocosta.com\/es\/wp-json\/wp\/v2\/pages\/47096","targetHints":{"allow":["GET"]}}],"collection":[{"href":"https:\/\/inmocosta.com\/es\/wp-json\/wp\/v2\/pages"}],"about":[{"href":"https:\/\/inmocosta.com\/es\/wp-json\/wp\/v2\/types\/page"}],"author":[{"embeddable":true,"href":"https:\/\/inmocosta.com\/es\/wp-json\/wp\/v2\/users\/1"}],"replies":[{"embeddable":true,"href":"https:\/\/inmocosta.com\/es\/wp-json\/wp\/v2\/comments?post=47096"}],"version-history":[{"count":1,"href":"https:\/\/inmocosta.com\/es\/wp-json\/wp\/v2\/pages\/47096\/revisions"}],"predecessor-version":[{"id":47101,"href":"https:\/\/inmocosta.com\/es\/wp-json\/wp\/v2\/pages\/47096\/revisions\/47101"}],"wp:attachment":[{"href":"https:\/\/inmocosta.com\/es\/wp-json\/wp\/v2\/media?parent=47096"}],"curies":[{"name":"wp","href":"https:\/\/api.w.org\/{rel}","templated":true}]}}