{"id":74863,"date":"2022-12-20T14:09:55","date_gmt":"2022-12-20T13:09:55","guid":{"rendered":"https:\/\/inmocosta.com\/?page_id=74863"},"modified":"2022-12-20T14:10:36","modified_gmt":"2022-12-20T13:10:36","slug":"diferencias-entre-pleno-dominio-y-nuda-propiedad-cuales-son","status":"publish","type":"page","link":"https:\/\/inmocosta.com\/es\/diferencias-entre-pleno-dominio-y-nuda-propiedad-cuales-son\/","title":{"rendered":"Diferencias entre pleno dominio y nuda propiedad, \u00bfcu\u00e1les son?"},"content":{"rendered":"<p>[vc_row][vc_column][vc_column_text]<\/p>\n<h3>Diferencias entre pleno dominio y nuda propiedad, \u00bfcu\u00e1les son?<\/h3>\n<h4>\u00bfSabr\u00edas diferencias entre el pleno dominio y la nuda propiedad de una vivienda? Aprende sus conceptos y diferencias.<\/h4>\n<p>Resulta importante analizar los tipos de propiedades que podemos encontrarnos en el mercado, as\u00ed como conocer cu\u00e1les son las caracter\u00edsticas de cada t\u00e9rmino legal o las diferencias entre cada uno de los diferentes conceptos.<\/p>\n<p>Esta vez iremos m\u00e1s all\u00e1 y analizaremos cu\u00e1les son las similitudes y diferencias entre la nuda propiedad y el pleno dominio.<\/p>\n<h4>\u00bfQu\u00e9 significa pleno dominio de una vivienda?<\/h4>\n<p>El <strong>pleno dominio de una vivienda<\/strong> se encuentra regulado por el art\u00edculo 348 del C\u00f3digo Civil. Se trata de la uni\u00f3n entre la nuda propiedad y el usufructo; es decir, s\u00f3lo si se alcanzan ambos derechos se podr\u00e1 adquirir el pleno dominio de la propiedad. Pero \u00bfQu\u00e9 entendemos por nuda propiedad y usufructo?<\/p>\n<p>La nuda propiedad es el derecho de una persona (nudo propietario) sobre una cosa de la que es \u00fanicamente propietaria, con la limitaci\u00f3n de no tener derecho sobre su posesi\u00f3n y disfrute, que ser\u00e1n derechos del tercero que disponga del usufructo. Por consiguiente, el usufructo es el derecho de goce, uso y disfrute de alguien (usufructuario) sobre una vivienda.<\/p>\n<h4>C\u00f3mo pasar de nuda propiedad a pleno dominio.<\/h4>\n<p>El pleno dominio sobre una vivienda se consolida cuando la propiedad y el uso u disfrute se re\u00fanen en una misma persona. Esto ocurrir\u00e1 en caso de que el usufructuario decida vender su derecho de usufructo, que puede deberse a tres causas:<\/p>\n<ul>\n<li><strong>Muerte del usufructuario:<\/strong> cuando fallece el usufructuario, el goce, uso y disfrute del bien usufructuado pasa al nudo propietario. en el caso de que el usufructo corresponda a varias personas en proindiviso, el nudo propietario no recibe el pleno dominio hasta la muerte de todos los usufructuarios.<\/li>\n<li><strong>Cumplimiento del plazo por el que se constituy\u00f3:<\/strong> en el caso de morir el usufructuario antes del plazo estipulado, tambi\u00e9n pasar\u00e1 al nudo propietario el uso de lo usufructuado, salvo pacto contrario.<\/li>\n<li><strong>Cumplimiento de la condici\u00f3n resolutoria establecida en el pacto de usufructo:<\/strong> si el usufructo se atribuye hasta que el nudo propietario, por ejemplo, contraiga matrimonio, despu\u00e9s de casarse \u00e9ste recibir\u00e1 el pleno dominio.<\/li>\n<\/ul>\n<h4>Diferencia entre pleno dominio y nuda propiedad<\/h4>\n<p>Son numerosas las caracter\u00edsticas que diferencian un derecho de otro teniendo en cuenta las obligaciones, la compraventa del inmueble o sus gastos.<\/p>\n<h4>Diferencia entre pleno dominio y nuda propiedad seg\u00fan las obligaciones<\/h4>\n<p>Un propietario de pleno dominio sobre la propiedad no tendr\u00e1 obligaciones con respecto al usufructuario, ya que \u00e9l mismo ser\u00eda tambi\u00e9n portador de este derecho. Por tanto, m\u00e1s all\u00e1 de estar al corriente con Hacienda y las leyes y normas de la comunidad en la que viva, no tendr\u00eda ninguna obligaci\u00f3n con otras personas.<\/p>\n<p>En el caso de ser nudo propietario, tendr\u00e1 que atender ciertas obligaciones:<\/p>\n<ul>\n<li>Hacerse cargo de las <strong>reparaciones extraordinarias<\/strong> de la vivienda, art\u00edculo 501 del C\u00f3digo Civil.<\/li>\n<li>Respetar el <strong>derecho del usufructuario<\/strong>, art\u00edculo 489 del C\u00f3digo Civil.<\/li>\n<li><strong>Pagar los tributos e impuestos<\/strong> correspondientes al usufructo, art\u00edculo 505 del C\u00f3digo Civil.<\/li>\n<li><strong>Abonar la hipoteca<\/strong> de lo usufructuado, art\u00edculo 509 del C\u00f3digo Civil.<\/li>\n<li>Hacerse cargo de los <strong>gastos de comunidad<\/strong>.<\/li>\n<\/ul>\n<h4>Diferencias entre pleno dominio y nuda propiedad seg\u00fan compraventa y alquiler.<\/h4>\n<p>Al adquirir una vivienda, <strong>lo habitual es que se compre la propiedad y el uso de la misma<\/strong>, es decir, que se adquiere el pleno dominio de la vivienda. Si esto se produce, el propietario podr\u00e1 hacer y deshacer lo que le convenga a su antojo, sin dar explicaciones a nadie. Sin embargo, en las operaciones de nuda propiedad en las que no se posee el pleno dominio, s\u00f3lo se vende la propiedad.<\/p>\n<p>\u00bfQu\u00e9 quiere decir esto? Para el vendedor que se queda como usufructuario de la vivienda que se ha vendido, implica una i<strong>nyecci\u00f3n econ\u00f3mica<\/strong> cada mes o \u00fanico pago, dependiendo de la forma que se acuerde en el contrato entre las partes.<\/p>\n<p>Para el comprador de la nuda propiedad, la ventaja est\u00e1 en adquirir la vivienda a un<strong> precio mucho m\u00e1s econ\u00f3mico<\/strong>, aunque no podr\u00e1 disfrutar de la vivienda hasta que se cumple el plazo acordado. Tras la finalizaci\u00f3n del usufructo, el nudo propietario podr\u00e1 disfrutar del pleno dominio y recuperar la inversi\u00f3n con un importante beneficio si decide venderla.<\/p>\n<p>En el caso del alquiler de la vivienda, <strong>el usufructuario puede alquilar el inmueble a un tercero<\/strong>, mientras que el nudo propietario no tiene la capacidad de llevar a cabo esta actividad econ\u00f3mica ya que ha cedido el uso y disfrute de la vivienda a un tercero.<\/p>\n<h4>Diferencia entre pleno dominio y nuda propiedad seg\u00fan los gastos de la vivienda.<\/h4>\n<p>El nudo propietario est\u00e1 obligado a hacerse cargo de los gastos que derivan de la comunidad de vecino, as\u00ed como de <strong>reparaciones e impuestos<\/strong> de los bienes inmuebles.<\/p>\n<p>Por otra parte, el usufructuario se ha de encargar de los <strong>gastos que derivan del uso y disfrute<\/strong> en la vivienda, como por ejemplo los servicios de electricidad, gas y agua.<\/p>\n<p>Cuando se adquiere el pleno dominio de la vivienda, todos los gastos relacionados con la misma le corresponder\u00e1n al propietario.[\/vc_column_text][\/vc_column][\/vc_row]<\/p>\n","protected":false},"excerpt":{"rendered":"<p>[vc_row][vc_column][vc_column_text] Diferencias entre pleno dominio y nuda propiedad, \u00bfcu\u00e1les son? \u00bfSabr\u00edas diferencias entre el pleno dominio y la nuda propiedad de una vivienda? Aprende sus conceptos y diferencias. Resulta importante analizar los tipos de propiedades que podemos encontrarnos en el mercado, as\u00ed como conocer cu\u00e1les son las caracter\u00edsticas de cada t\u00e9rmino legal o las diferencias entre cada uno de los diferentes conceptos. Esta vez &#8230;<\/p>\n","protected":false},"author":1,"featured_media":0,"parent":0,"menu_order":0,"comment_status":"closed","ping_status":"closed","template":"","meta":{"footnotes":""},"class_list":["post-74863","page","type-page","status-publish","hentry"],"yoast_head":"<!-- This site is optimized with the Yoast SEO plugin v21.8 - https:\/\/yoast.com\/wordpress\/plugins\/seo\/ -->\n<title>Diferencias entre pleno dominio y nuda propiedad, \u00bfcu\u00e1les son?<\/title>\n<meta name=\"description\" content=\"Diferencias entre pleno dominio y nuda propiedad, \u00bfcu\u00e1les son?\" \/>\n<meta name=\"robots\" content=\"index, follow, max-snippet:-1, max-image-preview:large, max-video-preview:-1\" \/>\n<link rel=\"canonical\" href=\"https:\/\/inmocosta.com\/es\/diferencias-entre-pleno-dominio-y-nuda-propiedad-cuales-son\/\" \/>\n<meta property=\"og:locale\" content=\"es_ES\" \/>\n<meta property=\"og:type\" content=\"article\" \/>\n<meta property=\"og:title\" content=\"Diferencias entre pleno dominio y nuda propiedad, \u00bfcu\u00e1les son?\" \/>\n<meta property=\"og:description\" content=\"Diferencias entre pleno dominio y nuda propiedad, \u00bfcu\u00e1les son?\" \/>\n<meta property=\"og:url\" content=\"https:\/\/inmocosta.com\/es\/diferencias-entre-pleno-dominio-y-nuda-propiedad-cuales-son\/\" \/>\n<meta property=\"og:site_name\" content=\"Inmocosta API l&#039;Estartit -\" \/>\n<meta property=\"article:publisher\" content=\"https:\/\/www.facebook.com\/inmocostaapi\/\" \/>\n<meta property=\"article:modified_time\" content=\"2022-12-20T13:10:36+00:00\" \/>\n<meta property=\"og:image\" content=\"https:\/\/inmocosta.com\/wp-content\/uploads\/2022\/07\/2136-Obra-Nova-85-Inmocosta-API-Estartit-Jardi-4.jpg\" \/>\n\t<meta property=\"og:image:width\" content=\"800\" \/>\n\t<meta property=\"og:image:height\" content=\"600\" \/>\n\t<meta property=\"og:image:type\" content=\"image\/jpeg\" \/>\n<meta name=\"twitter:card\" content=\"summary_large_image\" \/>\n<meta name=\"twitter:label1\" content=\"Tiempo de lectura\" \/>\n\t<meta name=\"twitter:data1\" content=\"4 minutos\" \/>\n<script type=\"application\/ld+json\" class=\"yoast-schema-graph\">{\"@context\":\"https:\/\/schema.org\",\"@graph\":[{\"@type\":\"WebPage\",\"@id\":\"https:\/\/inmocosta.com\/es\/diferencias-entre-pleno-dominio-y-nuda-propiedad-cuales-son\/\",\"url\":\"https:\/\/inmocosta.com\/es\/diferencias-entre-pleno-dominio-y-nuda-propiedad-cuales-son\/\",\"name\":\"Diferencias entre pleno dominio y nuda propiedad, \u00bfcu\u00e1les son?\",\"isPartOf\":{\"@id\":\"https:\/\/inmocosta.com\/es\/#website\"},\"datePublished\":\"2022-12-20T13:09:55+00:00\",\"dateModified\":\"2022-12-20T13:10:36+00:00\",\"description\":\"Diferencias entre pleno dominio y nuda propiedad, \u00bfcu\u00e1les son?\",\"breadcrumb\":{\"@id\":\"https:\/\/inmocosta.com\/es\/diferencias-entre-pleno-dominio-y-nuda-propiedad-cuales-son\/#breadcrumb\"},\"inLanguage\":\"es\",\"potentialAction\":[{\"@type\":\"ReadAction\",\"target\":[\"https:\/\/inmocosta.com\/es\/diferencias-entre-pleno-dominio-y-nuda-propiedad-cuales-son\/\"]}]},{\"@type\":\"BreadcrumbList\",\"@id\":\"https:\/\/inmocosta.com\/es\/diferencias-entre-pleno-dominio-y-nuda-propiedad-cuales-son\/#breadcrumb\",\"itemListElement\":[{\"@type\":\"ListItem\",\"position\":1,\"name\":\"Home\",\"item\":\"https:\/\/inmocosta.com\/es\/\"},{\"@type\":\"ListItem\",\"position\":2,\"name\":\"Diferencias entre pleno dominio y nuda propiedad, \u00bfcu\u00e1les son?\"}]},{\"@type\":\"WebSite\",\"@id\":\"https:\/\/inmocosta.com\/es\/#website\",\"url\":\"https:\/\/inmocosta.com\/es\/\",\"name\":\"Inmocosta API l&#039;Estartit -\",\"description\":\"Ag\u00e8ncia immobiliaria dedicada exclusivament a la compra venda d\u00b4immobles . L&#039;assessorem en la compra del seu habitatge. Comprar cases, pisos, apartaments.\",\"publisher\":{\"@id\":\"https:\/\/inmocosta.com\/es\/#organization\"},\"potentialAction\":[{\"@type\":\"SearchAction\",\"target\":{\"@type\":\"EntryPoint\",\"urlTemplate\":\"https:\/\/inmocosta.com\/es\/?s={search_term_string}\"},\"query-input\":\"required name=search_term_string\"}],\"inLanguage\":\"es\"},{\"@type\":\"Organization\",\"@id\":\"https:\/\/inmocosta.com\/es\/#organization\",\"name\":\"Inmocosta API L'Estartit\",\"url\":\"https:\/\/inmocosta.com\/es\/\",\"logo\":{\"@type\":\"ImageObject\",\"inLanguage\":\"es\",\"@id\":\"https:\/\/inmocosta.com\/es\/#\/schema\/logo\/image\/\",\"url\":\"https:\/\/inmocosta.com\/wp-content\/uploads\/2025\/01\/imatge_usuari.png\",\"contentUrl\":\"https:\/\/inmocosta.com\/wp-content\/uploads\/2025\/01\/imatge_usuari.png\",\"width\":500,\"height\":500,\"caption\":\"Inmocosta API L'Estartit\"},\"image\":{\"@id\":\"https:\/\/inmocosta.com\/es\/#\/schema\/logo\/image\/\"},\"sameAs\":[\"https:\/\/www.facebook.com\/inmocostaapi\/\",\"https:\/\/www.instagram.com\/inmocosta_api\/\",\"https:\/\/www.youtube.com\/channel\/UCidmbkY6BpJG9MA_OQUZgYQ\"]}]}<\/script>\n<!-- \/ Yoast SEO plugin. -->","yoast_head_json":{"title":"Diferencias entre pleno dominio y nuda propiedad, \u00bfcu\u00e1les son?","description":"Diferencias entre pleno dominio y nuda propiedad, \u00bfcu\u00e1les son?","robots":{"index":"index","follow":"follow","max-snippet":"max-snippet:-1","max-image-preview":"max-image-preview:large","max-video-preview":"max-video-preview:-1"},"canonical":"https:\/\/inmocosta.com\/es\/diferencias-entre-pleno-dominio-y-nuda-propiedad-cuales-son\/","og_locale":"es_ES","og_type":"article","og_title":"Diferencias entre pleno dominio y nuda propiedad, \u00bfcu\u00e1les son?","og_description":"Diferencias entre pleno dominio y nuda propiedad, \u00bfcu\u00e1les son?","og_url":"https:\/\/inmocosta.com\/es\/diferencias-entre-pleno-dominio-y-nuda-propiedad-cuales-son\/","og_site_name":"Inmocosta API l&#039;Estartit -","article_publisher":"https:\/\/www.facebook.com\/inmocostaapi\/","article_modified_time":"2022-12-20T13:10:36+00:00","og_image":[{"width":800,"height":600,"url":"https:\/\/inmocosta.com\/wp-content\/uploads\/2022\/07\/2136-Obra-Nova-85-Inmocosta-API-Estartit-Jardi-4.jpg","type":"image\/jpeg"}],"twitter_card":"summary_large_image","twitter_misc":{"Tiempo de lectura":"4 minutos"},"schema":{"@context":"https:\/\/schema.org","@graph":[{"@type":"WebPage","@id":"https:\/\/inmocosta.com\/es\/diferencias-entre-pleno-dominio-y-nuda-propiedad-cuales-son\/","url":"https:\/\/inmocosta.com\/es\/diferencias-entre-pleno-dominio-y-nuda-propiedad-cuales-son\/","name":"Diferencias entre pleno dominio y nuda propiedad, \u00bfcu\u00e1les son?","isPartOf":{"@id":"https:\/\/inmocosta.com\/es\/#website"},"datePublished":"2022-12-20T13:09:55+00:00","dateModified":"2022-12-20T13:10:36+00:00","description":"Diferencias entre pleno dominio y nuda propiedad, \u00bfcu\u00e1les son?","breadcrumb":{"@id":"https:\/\/inmocosta.com\/es\/diferencias-entre-pleno-dominio-y-nuda-propiedad-cuales-son\/#breadcrumb"},"inLanguage":"es","potentialAction":[{"@type":"ReadAction","target":["https:\/\/inmocosta.com\/es\/diferencias-entre-pleno-dominio-y-nuda-propiedad-cuales-son\/"]}]},{"@type":"BreadcrumbList","@id":"https:\/\/inmocosta.com\/es\/diferencias-entre-pleno-dominio-y-nuda-propiedad-cuales-son\/#breadcrumb","itemListElement":[{"@type":"ListItem","position":1,"name":"Home","item":"https:\/\/inmocosta.com\/es\/"},{"@type":"ListItem","position":2,"name":"Diferencias entre pleno dominio y nuda propiedad, \u00bfcu\u00e1les son?"}]},{"@type":"WebSite","@id":"https:\/\/inmocosta.com\/es\/#website","url":"https:\/\/inmocosta.com\/es\/","name":"Inmocosta API l&#039;Estartit -","description":"Ag\u00e8ncia immobiliaria dedicada exclusivament a la compra venda d\u00b4immobles . L&#039;assessorem en la compra del seu habitatge. Comprar cases, pisos, apartaments.","publisher":{"@id":"https:\/\/inmocosta.com\/es\/#organization"},"potentialAction":[{"@type":"SearchAction","target":{"@type":"EntryPoint","urlTemplate":"https:\/\/inmocosta.com\/es\/?s={search_term_string}"},"query-input":"required name=search_term_string"}],"inLanguage":"es"},{"@type":"Organization","@id":"https:\/\/inmocosta.com\/es\/#organization","name":"Inmocosta API L'Estartit","url":"https:\/\/inmocosta.com\/es\/","logo":{"@type":"ImageObject","inLanguage":"es","@id":"https:\/\/inmocosta.com\/es\/#\/schema\/logo\/image\/","url":"https:\/\/inmocosta.com\/wp-content\/uploads\/2025\/01\/imatge_usuari.png","contentUrl":"https:\/\/inmocosta.com\/wp-content\/uploads\/2025\/01\/imatge_usuari.png","width":500,"height":500,"caption":"Inmocosta API L'Estartit"},"image":{"@id":"https:\/\/inmocosta.com\/es\/#\/schema\/logo\/image\/"},"sameAs":["https:\/\/www.facebook.com\/inmocostaapi\/","https:\/\/www.instagram.com\/inmocosta_api\/","https:\/\/www.youtube.com\/channel\/UCidmbkY6BpJG9MA_OQUZgYQ"]}]}},"_links":{"self":[{"href":"https:\/\/inmocosta.com\/es\/wp-json\/wp\/v2\/pages\/74863","targetHints":{"allow":["GET"]}}],"collection":[{"href":"https:\/\/inmocosta.com\/es\/wp-json\/wp\/v2\/pages"}],"about":[{"href":"https:\/\/inmocosta.com\/es\/wp-json\/wp\/v2\/types\/page"}],"author":[{"embeddable":true,"href":"https:\/\/inmocosta.com\/es\/wp-json\/wp\/v2\/users\/1"}],"replies":[{"embeddable":true,"href":"https:\/\/inmocosta.com\/es\/wp-json\/wp\/v2\/comments?post=74863"}],"version-history":[{"count":1,"href":"https:\/\/inmocosta.com\/es\/wp-json\/wp\/v2\/pages\/74863\/revisions"}],"predecessor-version":[{"id":74864,"href":"https:\/\/inmocosta.com\/es\/wp-json\/wp\/v2\/pages\/74863\/revisions\/74864"}],"wp:attachment":[{"href":"https:\/\/inmocosta.com\/es\/wp-json\/wp\/v2\/media?parent=74863"}],"curies":[{"name":"wp","href":"https:\/\/api.w.org\/{rel}","templated":true}]}}